{"id":3,"date":"2018-11-19T11:53:40","date_gmt":"2018-11-19T10:53:40","guid":{"rendered":"http:\/\/www.johannawikberg.com\/?page_id=3"},"modified":"2019-12-10T14:31:03","modified_gmt":"2019-12-10T13:31:03","slug":"mentions-legales","status":"publish","type":"page","link":"https:\/\/www.johannawikberg.com\/en\/mentions-legales\/","title":{"rendered":"Mentions L\u00e9gales"},"content":{"rendered":"<h2>Information juridique :<\/h2>\n<p>JW &#8211; SAS au Capital de 1000 Euros &#8211; 4 Impasse Centrale \u2013 83000 Toulon<br \/>\nT\u00e9l. +33682530504 &#8211;\u00a0email : contact[at]johannawikberg.com<br \/>\nRCS Toulon 879 280 006 000013<br \/>\nRepr\u00e9sent\u00e9e par J. WIKBERG, Pr\u00e9sidente<br \/>\nDirecteur de publication : J. WIKBERG<br \/>\nCr\u00e9dits Photos : So Photo, Unsplash, JW.<\/p>\n<h2>H\u00e9bergement :<\/h2>\n<p>OVH<br \/>\nSi\u00e8ge social : 2 rue Kellermann \u2013 59 100 Roubaix<br \/>\nRCS Roubaix \u2013 Tourcoing 424 761 419 00045<\/p>\n<h2>Donn\u00e9es personnelles et d\u00e9claration Informatique et Libert\u00e9<\/h2>\n<p>Conform\u00e9ment \u00e0 l\u2019article 27 de la Loi Informatique et Libert\u00e9, www.johannawikberg.com informe les internautes que l\u2019ensemble des informations r\u00e9cup\u00e9r\u00e9es par le biais des formulaires pr\u00e9sents sur le site sont strictement n\u00e9cessaires pour fournir les services propos\u00e9s par www.johannawikberg.com. Ces informations sont collect\u00e9es par le site www.johannawikberg.com dans le seul et unique but de permettre la mise en relation entre l\u2019utilisateur et www.johannawikberg.com. L\u2019ensemble des donn\u00e9es personnelles recueillies par www.johannawikberg.com ne seront transmises que dans la mesure o\u00f9 l\u2019utilisateur du site souhaite voir sa demande de mise en contact aboutir.<\/p>\n<p>Conform\u00e9ment \u00e0 la loi Informatique et Libert\u00e9s du 06\/01\/1978, l\u2019internaute dispose d\u2019un droit d\u2019acc\u00e8s, de rectification et d\u2019opposition aux informations le concernant. Pour exercer ce droit, l\u2019utilisateur est invit\u00e9 \u00e0 envoyer un mail \u00e0 contact[at]johannawikberg.com en indiquant : nom, pr\u00e9nom et adresse.<\/p>\n<p>Par notre interm\u00e9diaire, vous pouvez \u00eatre amen\u00e9 \u00e0 \u00eatre inform\u00e9 de nos offres par e-mail, t\u00e9l\u00e9phone, SMS ou par courrier.<\/p>\n<h2>Propri\u00e9t\u00e9 du contenu<\/h2>\n<p>Toute repr\u00e9sentation totale ou partielle de ce site et de son contenu, par quelque proc\u00e9d\u00e9 que ce soit, sans l\u2019autorisation expresse de la soci\u00e9t\u00e9 JW est interdite et constituerait une contrefa\u00e7on sanctionn\u00e9e par les articles L. 335-2 et suivants du Code de la Propri\u00e9t\u00e9 intellectuelle.<\/p>\n","protected":false},"excerpt":{"rendered":"<p>Information juridique : JW &#8211; SAS au Capital de 1000 Euros &#8211; 4 Impasse Centrale \u2013 83000 Toulon T\u00e9l. +33682530504 &#8211;\u00a0email : contact[at]johannawikberg.com RCS Toulon 879 280 006 000013 Repr\u00e9sent\u00e9e par J. WIKBERG, Pr\u00e9sidente Directeur de publication : J. WIKBERG Cr\u00e9dits Photos : So Photo, Unsplash, JW. H\u00e9bergement : OVH [&hellip;]<\/p>\n","protected":false},"author":1,"featured_media":0,"parent":0,"menu_order":0,"comment_status":"closed","ping_status":"closed","template":"","meta":{"om_disable_all_campaigns":false,"_monsterinsights_skip_tracking":false,"_monsterinsights_sitenote_active":false,"_monsterinsights_sitenote_note":"","_monsterinsights_sitenote_category":0,"footnotes":""},"class_list":["post-3","page","type-page","status-publish","hentry"],"yoast_head":"<!-- This site is optimized with the Yoast SEO plugin v26.8 - https:\/\/yoast.com\/product\/yoast-seo-wordpress\/ -->\n<title>Mentions L\u00e9gales &#8226; JOHANNA WIKBERG<\/title>\n<meta name=\"robots\" content=\"index, follow, max-snippet:-1, max-image-preview:large, max-video-preview:-1\" \/>\n<link rel=\"canonical\" href=\"https:\/\/www.johannawikberg.com\/mentions-legales\/\" \/>\n<meta property=\"og:locale\" content=\"en_US\" \/>\n<meta property=\"og:type\" content=\"article\" \/>\n<meta property=\"og:title\" content=\"Mentions L\u00e9gales &#8226; JOHANNA WIKBERG\" \/>\n<meta property=\"og:description\" content=\"Information juridique : JW &#8211; SAS au Capital de 1000 Euros &#8211; 4 Impasse Centrale \u2013 83000 Toulon T\u00e9l. +33682530504 &#8211;\u00a0email : contact[at]johannawikberg.com RCS Toulon 879 280 006 000013 Repr\u00e9sent\u00e9e par J. WIKBERG, Pr\u00e9sidente Directeur de publication : J. WIKBERG Cr\u00e9dits Photos : So Photo, Unsplash, JW. H\u00e9bergement : OVH [&hellip;]\" \/>\n<meta property=\"og:url\" content=\"https:\/\/www.johannawikberg.com\/mentions-legales\/\" \/>\n<meta property=\"og:site_name\" content=\"JOHANNA WIKBERG\" \/>\n<meta property=\"article:publisher\" content=\"https:\/\/www.facebook.com\/johanna.wikberg.98\" \/>\n<meta property=\"article:modified_time\" content=\"2019-12-10T13:31:03+00:00\" \/>\n<meta name=\"twitter:card\" content=\"summary_large_image\" \/>\n<meta name=\"twitter:site\" content=\"@WikbergJ\" \/>\n<meta name=\"twitter:label1\" content=\"Est. reading time\" \/>\n\t<meta name=\"twitter:data1\" content=\"2 minutes\" \/>\n<script type=\"application\/ld+json\" class=\"yoast-schema-graph\">{\"@context\":\"https:\/\/schema.org\",\"@graph\":[{\"@type\":\"WebPage\",\"@id\":\"https:\/\/www.johannawikberg.com\/mentions-legales\/\",\"url\":\"https:\/\/www.johannawikberg.com\/mentions-legales\/\",\"name\":\"Mentions L\u00e9gales &#8226; JOHANNA WIKBERG\",\"isPartOf\":{\"@id\":\"https:\/\/www.johannawikberg.com\/#website\"},\"datePublished\":\"2018-11-19T10:53:40+00:00\",\"dateModified\":\"2019-12-10T13:31:03+00:00\",\"breadcrumb\":{\"@id\":\"https:\/\/www.johannawikberg.com\/mentions-legales\/#breadcrumb\"},\"inLanguage\":\"en-US\",\"potentialAction\":[{\"@type\":\"ReadAction\",\"target\":[\"https:\/\/www.johannawikberg.com\/mentions-legales\/\"]}]},{\"@type\":\"BreadcrumbList\",\"@id\":\"https:\/\/www.johannawikberg.com\/mentions-legales\/#breadcrumb\",\"itemListElement\":[{\"@type\":\"ListItem\",\"position\":1,\"name\":\"Accueil\",\"item\":\"https:\/\/www.johannawikberg.com\/\"},{\"@type\":\"ListItem\",\"position\":2,\"name\":\"Mentions L\u00e9gales\"}]},{\"@type\":\"WebSite\",\"@id\":\"https:\/\/www.johannawikberg.com\/#website\",\"url\":\"https:\/\/www.johannawikberg.com\/\",\"name\":\"JOHANNA WIKBERG\",\"description\":\"JOHANNA WIKBERG\",\"potentialAction\":[{\"@type\":\"SearchAction\",\"target\":{\"@type\":\"EntryPoint\",\"urlTemplate\":\"https:\/\/www.johannawikberg.com\/?s={search_term_string}\"},\"query-input\":{\"@type\":\"PropertyValueSpecification\",\"valueRequired\":true,\"valueName\":\"search_term_string\"}}],\"inLanguage\":\"en-US\"}]}<\/script>\n<!-- \/ Yoast SEO plugin. -->","yoast_head_json":{"title":"Mentions L\u00e9gales &#8226; JOHANNA WIKBERG","robots":{"index":"index","follow":"follow","max-snippet":"max-snippet:-1","max-image-preview":"max-image-preview:large","max-video-preview":"max-video-preview:-1"},"canonical":"https:\/\/www.johannawikberg.com\/mentions-legales\/","og_locale":"en_US","og_type":"article","og_title":"Mentions L\u00e9gales &#8226; JOHANNA WIKBERG","og_description":"Information juridique : JW &#8211; SAS au Capital de 1000 Euros &#8211; 4 Impasse Centrale \u2013 83000 Toulon T\u00e9l. +33682530504 &#8211;\u00a0email : contact[at]johannawikberg.com RCS Toulon 879 280 006 000013 Repr\u00e9sent\u00e9e par J. WIKBERG, Pr\u00e9sidente Directeur de publication : J. WIKBERG Cr\u00e9dits Photos : So Photo, Unsplash, JW. H\u00e9bergement : OVH [&hellip;]","og_url":"https:\/\/www.johannawikberg.com\/mentions-legales\/","og_site_name":"JOHANNA WIKBERG","article_publisher":"https:\/\/www.facebook.com\/johanna.wikberg.98","article_modified_time":"2019-12-10T13:31:03+00:00","twitter_card":"summary_large_image","twitter_site":"@WikbergJ","twitter_misc":{"Est. reading time":"2 minutes"},"schema":{"@context":"https:\/\/schema.org","@graph":[{"@type":"WebPage","@id":"https:\/\/www.johannawikberg.com\/mentions-legales\/","url":"https:\/\/www.johannawikberg.com\/mentions-legales\/","name":"Mentions L\u00e9gales &#8226; JOHANNA WIKBERG","isPartOf":{"@id":"https:\/\/www.johannawikberg.com\/#website"},"datePublished":"2018-11-19T10:53:40+00:00","dateModified":"2019-12-10T13:31:03+00:00","breadcrumb":{"@id":"https:\/\/www.johannawikberg.com\/mentions-legales\/#breadcrumb"},"inLanguage":"en-US","potentialAction":[{"@type":"ReadAction","target":["https:\/\/www.johannawikberg.com\/mentions-legales\/"]}]},{"@type":"BreadcrumbList","@id":"https:\/\/www.johannawikberg.com\/mentions-legales\/#breadcrumb","itemListElement":[{"@type":"ListItem","position":1,"name":"Accueil","item":"https:\/\/www.johannawikberg.com\/"},{"@type":"ListItem","position":2,"name":"Mentions L\u00e9gales"}]},{"@type":"WebSite","@id":"https:\/\/www.johannawikberg.com\/#website","url":"https:\/\/www.johannawikberg.com\/","name":"JOHANNA WIKBERG","description":"JOHANNA WIKBERG","potentialAction":[{"@type":"SearchAction","target":{"@type":"EntryPoint","urlTemplate":"https:\/\/www.johannawikberg.com\/?s={search_term_string}"},"query-input":{"@type":"PropertyValueSpecification","valueRequired":true,"valueName":"search_term_string"}}],"inLanguage":"en-US"}]}},"_links":{"self":[{"href":"https:\/\/www.johannawikberg.com\/en\/wp-json\/wp\/v2\/pages\/3","targetHints":{"allow":["GET"]}}],"collection":[{"href":"https:\/\/www.johannawikberg.com\/en\/wp-json\/wp\/v2\/pages"}],"about":[{"href":"https:\/\/www.johannawikberg.com\/en\/wp-json\/wp\/v2\/types\/page"}],"author":[{"embeddable":true,"href":"https:\/\/www.johannawikberg.com\/en\/wp-json\/wp\/v2\/users\/1"}],"replies":[{"embeddable":true,"href":"https:\/\/www.johannawikberg.com\/en\/wp-json\/wp\/v2\/comments?post=3"}],"version-history":[{"count":4,"href":"https:\/\/www.johannawikberg.com\/en\/wp-json\/wp\/v2\/pages\/3\/revisions"}],"predecessor-version":[{"id":1898,"href":"https:\/\/www.johannawikberg.com\/en\/wp-json\/wp\/v2\/pages\/3\/revisions\/1898"}],"wp:attachment":[{"href":"https:\/\/www.johannawikberg.com\/en\/wp-json\/wp\/v2\/media?parent=3"}],"curies":[{"name":"wp","href":"https:\/\/api.w.org\/{rel}","templated":true}]}}